
{"id":1899,"date":"2019-02-05T17:09:46","date_gmt":"2019-02-05T17:09:46","guid":{"rendered":"https:\/\/wow.com.pt\/politica-de-privacidad\/"},"modified":"2023-12-04T15:30:44","modified_gmt":"2023-12-04T15:30:44","slug":"politica-de-privacidad","status":"publish","type":"page","link":"https:\/\/wow.com.pt\/es\/politica-de-privacidad\/","title":{"rendered":"Pol\u00edtica de privacidad"},"content":{"rendered":"<p>[vc_row css_animation=&#8221;&#8221; row_type=&#8221;row&#8221; use_row_as_full_screen_section=&#8221;no&#8221; type=&#8221;full_width&#8221; angled_section=&#8221;no&#8221; text_align=&#8221;left&#8221; background_image_as_pattern=&#8221;without_pattern&#8221;][vc_column][vc_column_text]<\/p>\n<h4>POL\u00cdTICA DE PRIVACIDAD Y T\u00c9RMINOS DE USO DE NUESTRA WEB<\/h4>\n<p>El grupo respeta la privacidad de los visitantes del sitio www.wow.com.pt y toma todas las precauciones para proteger su informaci\u00f3n.<\/p>\n<p>Esta pol\u00edtica de privacidad pretende proporcionar la informaci\u00f3n que se recopila y c\u00f3mo se utiliza las normas de seguridad adoptadas para proteger la identidad y datos personales.<\/p>\n<p>&nbsp;<\/p>\n<h4>QUE TIPO DE INFORMACIONES RECOGEMOS<\/h4>\n<p>Pueden ser solicitadas informaciones personales, como su nombre, direcci\u00f3n, fecha de nacimiento, sexo, direcci\u00f3n de correo electr\u00f3nico, nif, etc.<\/p>\n<p>Estas informaciones anteriores pueden ser solicitadas cuando rellena el formulario de contacto o como un trabajador, pedido de empleo, formando, formador, cliente, proveedor, visitante, etc, y\/o cuando se recibe o env\u00eda mensajes de correo electr\u00f3nico y en los servicios que requieren un registro o una suscripci\u00f3n.<\/p>\n<p>Utilizamos &#8220;<em>cookies<\/em>&#8221; para recopilar informaci\u00f3n sobre sus visitas a nuestra <em>web<\/em> y para mejorar su experiencia. Puede encontrar m\u00e1s informaci\u00f3n sobre c\u00f3mo utilizamos las <em>cookies<\/em> en la siguiente secci\u00f3n &#8220;Uso de las <em>cookies<\/em>&#8220;.<\/p>\n<p>Cuando usted visita nuestro sitio <em>web<\/em>, recopilamos datos, conocidos como los &#8220;clics&#8221; ruta (direcci\u00f3n del servidor, nombre del dominio, etc).<\/p>\n<p>Estos datos se almacenan de forma an\u00f3nima y s\u00f3lo sirven de forma general para <em>webmining<\/em> e an\u00e1lisis estad\u00edstico, con el fin de mejorar nuestros servicios.<\/p>\n<p>&nbsp;<\/p>\n<h4>USO DE LA INFORMACI\u00d3N DE LOS VISITANTES<\/h4>\n<p>Toda la informaci\u00f3n personal que recibimos ser\u00e1n registradas, utilizadas y protegidas en conformidad con la legislaci\u00f3n comunitaria vigente sobre protecci\u00f3n de datos y con esta pol\u00edtica de privacidad.<\/p>\n<p>La informaci\u00f3n recogida, tiene como finalidad el env\u00edo de informaci\u00f3n \/divulgaci\u00f3n por correo electr\u00f3nico o mensajes SMS sobre nuestros productos y servicios.<\/p>\n<p>El env\u00edo de las informaciones s\u00f3lo ocurre, cuando el titular de los datos, tenga expresamente optado por recibir mensajes de correo electr\u00f3nico y\/o mensajes SMS del Grupo WOW. Caso no pretenda recibir m\u00e1s mensajes de correo electr\u00f3nico o SMS, entre en contacto con nosotros a trav\u00e9s de <em>e-mail<\/em> (comercial@wow.com.pt), o carta para nuestra direcci\u00f3n (Rua da Feiteira, 304, 4415-391 Grij\u00f3 \u2013 Vila Nueva de Gaia).<\/p>\n<p>&nbsp;<\/p>\n<h4>PROTECCI\u00d3N DE LAS INFORMACIONES DE LOS VISITANTES<\/h4>\n<p>Las informaciones que nos suministra al visitar nuestra <em>web<\/em>, est\u00e1n protegidas en el \u00e1mbito de la implementaci\u00f3n de las varias medidas de seguridad, expresamente a trav\u00e9s de acceso condicionado, y de la salvaguarda de confidencialidad de las informaciones.<\/p>\n<p>Alertamos, que al suministrar informaciones personales <em>online<\/em>, existe un riesgo de terceros que puedan interceptar y utilizar estas informaciones, por lo que en t\u00e9rminos de seguridad de cualquier informaci\u00f3n que divulgue <em>online<\/em>, lo har\u00e1 por su propia cuenta y riesgo.<\/p>\n<p>&nbsp;<\/p>\n<h4>PRIVACIDAD DE MENORES (NI\u00d1OS Y J\u00d3VENES)<\/h4>\n<p>El Grupo WOW est\u00e1 empe\u00f1ado en proteger la privacidad de ni\u00f1os y no pretende recoger datos personales de menores con edad inferior a 13 a\u00f1os (edad legalmente definida en t\u00e9rminos de ley nacional en el \u00e1mbito del RGPD). Si el utilizador sea un ni\u00f1o con edad inferior a 13 a\u00f1os e intentar enviar su registro, el mismo ser\u00e1 rechazado y el ni\u00f1o ser\u00e1 informado de que no aceptamos registros provenientes de ni\u00f1os con edad inferior a 13 a\u00f1os. Incentivamos los padres y los responsables por menores con edad inferior a 13 a\u00f1os a controlar y supervisen regularmente la utilizaci\u00f3n del correo electr\u00f3nico y las otras actividades <em>online<\/em> de los ni\u00f1os.<\/p>\n<p>&nbsp;<\/p>\n<h4>UTILIZACI\u00d3N DE COOKIES<\/h4>\n<p>Caso pretenda, podra desactivar todas las <em>cookies<\/em>, si no quiere recibirlos. Tambi\u00e9n puede hacer con que su ordenador lo avise de la utilizaci\u00f3n de <em>cookies<\/em>. En ambos casos, tiene que ajustar las definiciones de su navegador (c\u00f3mo el <em>Internet Explorer<\/em>).<\/p>\n<p>&nbsp;<\/p>\n<h4>RECTIFICACI\u00d3N, ELIMINACI\u00d3N, MODIFICACI\u00d3N O ACTUALIZACI\u00d3N DE INFORMACIONES PERSONALES<\/h4>\n<p>Si pretender, puede cancelar su registro o utilizaci\u00f3n en cualquier altura y puede optar por no recibir cualesquier mensajes de correo electr\u00f3nico y\/o mensajes SMS. Puede tambi\u00e9n optar por eliminar todas sus informaciones personales de nuestra base de datos.<\/p>\n<p>Caso quiera, puede tambi\u00e9n anular subscriciones, eliminar o modificar sus informaciones personales.<\/p>\n<p>&nbsp;<\/p>\n<h4>NUESTRO CONTACTO<\/h4>\n<p>Para cualquier pregunta o aclaraci\u00f3n relativamente a nuestra <em>web<\/em> y\/o a nuestra pol\u00edtica de privacidad, puede escribirlos para: comercial@wow.com.pt<\/p>\n<h4>El CONSENTIMIENTO DEL TITULAR DE LOS DATOS<\/h4>\n<p>Al utilizar nuestra <em>web<\/em> confirma que acepta los t\u00e9rminos de esta Pol\u00edtica de Privacidad, as\u00ed como nuestros T\u00e9rminos y Condiciones.<\/p>\n<p>Si no concuerde con los t\u00e9rminos de nuestra Pol\u00edtica de Privacidad y nuestros T\u00e9rminos y Condiciones, se solicita que no nos suministre informaciones personales y cese la utilizaci\u00f3n en nuestra <em>web<\/em>.<\/p>\n<p>&nbsp;<\/p>\n<h4>DERECHO DEL TITULAR DE LOS DATOS Al ACCESO DE SUS INFORMACIONES PERSONALESS<\/h4>\n<p>El titular de los datos tiene derecho a recibir una copia de los datos personales que obran en nuestro poder.<\/p>\n<p>La empresa se reserva el derecho a cobrar una peque\u00f1a tasa (importe por determinar) por los costes administrativos e inform\u00e1ticos de cualquier solicitud realizada.<\/p>\n<p>&nbsp;<\/p>\n<h4>DERECHO DEL TITULAR DE LOS DATOS A LA ELIMINACI\u00d3N DE DATOS PERSONALES<\/h4>\n<p>Si es un utilizador de nuestro <em>website<\/em> a trav\u00e9s del proceso de registro de utilizador, sus datos estar\u00e1n almacenados en una base de datos espec\u00edfica de controlo de utilizadores.<\/p>\n<p>Sin embargo el titular de los datos podr\u00e1 requerir su eliminaci\u00f3n siempre que pretender, por escrito para nuestra direcci\u00f3n oficial: Rua da Feiteira, 304, 4415-391 Grij\u00f3 \u2013 Vila Nova de Gaia.<\/p>\n<p>&nbsp;<\/p>\n<h4>POL\u00cdTICA DE PRIVACIDAD<\/h4>\n<p>La pol\u00edtica de privacidad <em>online<\/em> se aplica s\u00f3lo a las informaciones recogidas a trav\u00e9s de nuestra <em>web<\/em> y no a las informaciones recogidas <em>offline<\/em>.[\/vc_column_text][vc_empty_space][\/vc_column][\/vc_row]<\/p>\n","protected":false},"excerpt":{"rendered":"<p>[vc_row css_animation=&#8221;&#8221; row_type=&#8221;row&#8221; use_row_as_full_screen_section=&#8221;no&#8221; type=&#8221;full_width&#8221; angled_section=&#8221;no&#8221; text_align=&#8221;left&#8221; background_image_as_pattern=&#8221;without_pattern&#8221;][vc_column][vc_column_text] POL\u00cdTICA DE PRIVACIDAD Y T\u00c9RMINOS DE USO DE NUESTRA WEB El grupo respeta la privacidad de los visitantes del sitio www.wow.com.pt y toma todas las precauciones para proteger su informaci\u00f3n. Esta pol\u00edtica de privacidad pretende proporcionar la&#8230;<\/p>\n","protected":false},"author":3,"featured_media":0,"parent":0,"menu_order":0,"comment_status":"closed","ping_status":"closed","template":"","meta":{"footnotes":""},"class_list":["post-1899","page","type-page","status-publish","hentry"],"_links":{"self":[{"href":"https:\/\/wow.com.pt\/es\/wp-json\/wp\/v2\/pages\/1899","targetHints":{"allow":["GET"]}}],"collection":[{"href":"https:\/\/wow.com.pt\/es\/wp-json\/wp\/v2\/pages"}],"about":[{"href":"https:\/\/wow.com.pt\/es\/wp-json\/wp\/v2\/types\/page"}],"author":[{"embeddable":true,"href":"https:\/\/wow.com.pt\/es\/wp-json\/wp\/v2\/users\/3"}],"replies":[{"embeddable":true,"href":"https:\/\/wow.com.pt\/es\/wp-json\/wp\/v2\/comments?post=1899"}],"version-history":[{"count":0,"href":"https:\/\/wow.com.pt\/es\/wp-json\/wp\/v2\/pages\/1899\/revisions"}],"wp:attachment":[{"href":"https:\/\/wow.com.pt\/es\/wp-json\/wp\/v2\/media?parent=1899"}],"curies":[{"name":"wp","href":"https:\/\/api.w.org\/{rel}","templated":true}]}}