
{"id":1930,"date":"2019-02-20T14:59:08","date_gmt":"2019-02-20T14:59:08","guid":{"rendered":"https:\/\/wow.com.pt\/consentimiento-de-datos\/"},"modified":"2024-10-24T11:28:18","modified_gmt":"2024-10-24T11:28:18","slug":"consentimiento-de-datos","status":"publish","type":"page","link":"https:\/\/wow.com.pt\/es\/consentimiento-de-datos\/","title":{"rendered":"Consentimiento de Datos"},"content":{"rendered":"<p>[vc_row css_animation=&#8221;&#8221; row_type=&#8221;row&#8221; use_row_as_full_screen_section=&#8221;no&#8221; type=&#8221;grid&#8221; angled_section=&#8221;no&#8221; text_align=&#8221;left&#8221; background_image_as_pattern=&#8221;without_pattern&#8221; z_index=&#8221;&#8221; css=&#8221;.vc_custom_1526393304123{padding-top: 63px !important;padding-bottom: 93px !important;}&#8221;][vc_column][vc_column_text]<\/p>\n<h1>Protecci\u00f3n de Datos<\/h1>\n<p>[\/vc_column_text][vc_empty_space height=&#8221;20px&#8221;][vc_separator type=&#8221;small&#8221; position=&#8221;left&#8221; color=&#8221;#000000&#8243; thickness=&#8221;1&#8243; width=&#8221;66&#8243;][vc_column_text]<\/p>\n<h2>Nuevas reglas de tratamiento de datos personales<\/h2>\n<p>[\/vc_column_text][vc_empty_space height=&#8221;6px&#8221;][vc_column_text]<\/p>\n<h3>\u00bfC\u00f3mo y para qu\u00e9 fines son utilizados sus datos personales?<\/h3>\n<p>El Grupo WOW utiliza la informaci\u00f3n recogida para responder, a trav\u00e9s de correo electr\u00f3nico, SMS o llamada telef\u00f3nica, a solicitudes de propuestas, presupuestos, facturas pro forma, as\u00ed como comunicaciones sobre novedades, nuevos servicios y productos, encuestas para controlar la calidad de los nuestros servicios y para futuros contactos.<\/p>\n<p>No hay consecuencias para quien no proveer los datos.<\/p>\n<p>&nbsp;<\/p>\n<h3>\u00bfQui\u00e9n es el responsable por la informaci\u00f3n?<\/h3>\n<p>El Grupo WOW &#8211; Wine on Wheels, es el responsable de los datos recogidos para tratamiento inform\u00e1tico y el m\u00e9todo de conservaci\u00f3n ser\u00e1 en fichero inform\u00e1tico y papel. La informaci\u00f3n se utiliza en el \u00e1mbito de nuestro grupo empresarial compuesto por las empresas, ELE, Lda. y LEM, Lda. Para garantizar la seguridad sus datos y la m\u00e1xima confidencialidad, tratamos la informaci\u00f3n que nos ha proporcionado de forma absolutamente confidencial, de acuerdo con nuestras pol\u00edticas y procedimientos internos de seguridad y confidencialidad y no compartimos sus datos con terceros con fines comerciales. Pueden existir decisiones automatizadas, como la definici\u00f3n de perfiles, para adecuar mejor nuestra oferta a su necesidad. El Grupo WOW puede recurrir a terceros para el env\u00edo de correos electr\u00f3nicos y SMS.<\/p>\n<p>El titular de los datos podr\u00e1 presentar una reclamaci\u00f3n a la autoridad de control &#8211; la Comisi\u00f3n Nacional de Protecci\u00f3n de Datos.<\/p>\n<p>&nbsp;<\/p>\n<h3>\u00bfA qui\u00e9n puedo contactar para acceder, rectificar o eliminar los datos?<\/h3>\n<p>Nuestros Clientes tienen diferentes preocupaciones de privacidad y pueden en cualquier momento revisar, actualizar y decidir qu\u00e9 tipo de datos desea ver guardados. El encargado de los datos puede ser contactado directamente a 220 137 264, a trav\u00e9s del e-mail <a href=\"mailto:dpo@wow.es\">dpo@wow.com.pt<\/a>\u00a0o por correo para WOW &#8211; Wine on Wheels, Rua da Feiteira, n\u00ba 304, 4415-556 Grij\u00f3, Vila Nova da Gaia a quien podr\u00e1 solicitar en cualquier momento la copia de los datos que le conciernen, la retirada del consentimiento, la rectificaci\u00f3n, el borrado, la limitaci\u00f3n, la portabilidad y la oposici\u00f3n al tratamiento de los mismos. En nuestro site pueden consultar y controlar ciertos tipos de informaci\u00f3n asociada a su cuenta, obtener informaci\u00f3n, ver y editar sus preferencias, solicitar la supresi\u00f3n o la portabilidad de sus datos personales, simplemente para insertar su Id. De usuario y Contrase\u00f1a. La retirada posterior de consentimiento no compromete la legalidad del tratamiento realizado sobre la base de este consentimiento.[\/vc_column_text][\/vc_column][\/vc_row][vc_row css_animation=&#8221;&#8221; row_type=&#8221;row&#8221; use_row_as_full_screen_section=&#8221;no&#8221; type=&#8221;grid&#8221; angled_section=&#8221;no&#8221; text_align=&#8221;left&#8221; background_image_as_pattern=&#8221;without_pattern&#8221; z_index=&#8221;&#8221;][vc_column]\n<div class=\"wpcf7 no-js\" id=\"wpcf7-f9831-o1\" lang=\"pt-PT\" dir=\"ltr\" data-wpcf7-id=\"9831\">\n<div class=\"screen-reader-response\"><p role=\"status\" aria-live=\"polite\" aria-atomic=\"true\"><\/p> <ul><\/ul><\/div>\n<form action=\"\/es\/wp-json\/wp\/v2\/pages\/1930#wpcf7-f9831-o1\" method=\"post\" class=\"wpcf7-form init cf7_custom_style_1\" aria-label=\"Formul\u00e1rio de contacto\" novalidate=\"novalidate\" data-status=\"init\">\n<fieldset class=\"hidden-fields-container\"><input type=\"hidden\" name=\"_wpcf7\" value=\"9831\" \/><input type=\"hidden\" name=\"_wpcf7_version\" value=\"6.1.5\" \/><input type=\"hidden\" name=\"_wpcf7_locale\" value=\"pt_PT\" \/><input type=\"hidden\" name=\"_wpcf7_unit_tag\" value=\"wpcf7-f9831-o1\" \/><input type=\"hidden\" name=\"_wpcf7_container_post\" value=\"0\" \/><input type=\"hidden\" name=\"_wpcf7_posted_data_hash\" value=\"\" \/><input type=\"hidden\" name=\"_wpcf7_recaptcha_response\" value=\"\" \/>\n<\/fieldset>\n<p><label> Tu nombre (obligatorio)<br \/>\n<span class=\"wpcf7-form-control-wrap\" data-name=\"your-name\"><input size=\"40\" maxlength=\"400\" class=\"wpcf7-form-control wpcf7-text wpcf7-validates-as-required\" aria-required=\"true\" aria-invalid=\"false\" value=\"\" type=\"text\" name=\"your-name\" \/><\/span> <\/label>\n<\/p>\n<p><label> Tu email (obligatorio)<br \/>\n<span class=\"wpcf7-form-control-wrap\" data-name=\"your-email\"><input size=\"40\" maxlength=\"400\" class=\"wpcf7-form-control wpcf7-email wpcf7-validates-as-required wpcf7-text wpcf7-validates-as-email\" aria-required=\"true\" aria-invalid=\"false\" value=\"\" type=\"email\" name=\"your-email\" \/><\/span> <\/label><br \/>\n<span class=\"wpcf7-form-control-wrap\" data-name=\"aceitacao-rgpd\"><span class=\"wpcf7-form-control wpcf7-acceptance\"><span class=\"wpcf7-list-item\"><label><input type=\"checkbox\" name=\"aceitacao-rgpd\" value=\"1\" aria-invalid=\"false\" \/><span class=\"wpcf7-list-item-label\">He le\u00eddo y acepto los t\u00e9rminos, autorizando el env\u00edo de informaci\u00f3n sobre el Grupo WOW por correo electr\u00f3nico o postal.<\/span><\/label><\/span><\/span><\/span>\n<\/p>\n<p><input class=\"wpcf7-form-control wpcf7-submit has-spinner\" type=\"submit\" value=\"Enviar\" \/>\n<\/p><div class=\"wpcf7-response-output\" aria-hidden=\"true\"><\/div>\n<\/form>\n<\/div>\n[\/vc_column][\/vc_row]<\/p>\n","protected":false},"excerpt":{"rendered":"<p>[vc_row css_animation=&#8221;&#8221; row_type=&#8221;row&#8221; use_row_as_full_screen_section=&#8221;no&#8221; type=&#8221;grid&#8221; angled_section=&#8221;no&#8221; text_align=&#8221;left&#8221; background_image_as_pattern=&#8221;without_pattern&#8221; z_index=&#8221;&#8221; css=&#8221;.vc_custom_1526393304123{padding-top: 63px !important;padding-bottom: 93px !important;}&#8221;][vc_column][vc_column_text] Protecci\u00f3n de Datos [\/vc_column_text][vc_empty_space height=&#8221;20px&#8221;][vc_separator type=&#8221;small&#8221; position=&#8221;left&#8221; color=&#8221;#000000&#8243; thickness=&#8221;1&#8243; width=&#8221;66&#8243;][vc_column_text] Nuevas reglas de tratamiento de datos personales [\/vc_column_text][vc_empty_space height=&#8221;6px&#8221;][vc_column_text] \u00bfC\u00f3mo y para qu\u00e9 fines son utilizados sus datos personales? El Grupo&#8230;<\/p>\n","protected":false},"author":3,"featured_media":0,"parent":0,"menu_order":0,"comment_status":"closed","ping_status":"closed","template":"","meta":{"footnotes":""},"class_list":["post-1930","page","type-page","status-publish","hentry"],"_links":{"self":[{"href":"https:\/\/wow.com.pt\/es\/wp-json\/wp\/v2\/pages\/1930","targetHints":{"allow":["GET"]}}],"collection":[{"href":"https:\/\/wow.com.pt\/es\/wp-json\/wp\/v2\/pages"}],"about":[{"href":"https:\/\/wow.com.pt\/es\/wp-json\/wp\/v2\/types\/page"}],"author":[{"embeddable":true,"href":"https:\/\/wow.com.pt\/es\/wp-json\/wp\/v2\/users\/3"}],"replies":[{"embeddable":true,"href":"https:\/\/wow.com.pt\/es\/wp-json\/wp\/v2\/comments?post=1930"}],"version-history":[{"count":0,"href":"https:\/\/wow.com.pt\/es\/wp-json\/wp\/v2\/pages\/1930\/revisions"}],"wp:attachment":[{"href":"https:\/\/wow.com.pt\/es\/wp-json\/wp\/v2\/media?parent=1930"}],"curies":[{"name":"wp","href":"https:\/\/api.w.org\/{rel}","templated":true}]}}