
{"id":10019,"date":"2023-06-14T16:13:12","date_gmt":"2023-06-14T16:13:12","guid":{"rendered":"https:\/\/wow.com.pt\/produtos\/lifeassure-ba-es\/"},"modified":"2025-09-26T13:27:23","modified_gmt":"2025-09-26T13:27:23","slug":"lifeassure-ba-es","status":"publish","type":"product","link":"https:\/\/wow.com.pt\/es\/produtos\/lifeassure-ba-es\/","title":{"rendered":"LifeAssure BA"},"content":{"rendered":"","protected":false},"excerpt":{"rendered":"<p>Membrana sim\u00e9trica de nylon para la reducci\u00f3n logar\u00edtmica de microorganismos.<br \/>\nBaja resistencia al flujo y alto caudal.<br \/>\nGran relaci\u00f3n calidad\/precio.<\/p>\n<p>&nbsp;<\/p>\n<div style=\"display: flex; justify-content: flex-start;\">\n<div class=\"style-ml\" style=\"text-align: center; font-size: 14px; padding: 15px 60px;\">Ficha T\u00e9cnica<\/div>\n<\/div>\n","protected":false},"featured_media":4369,"template":"","meta":[],"product_brand":[],"product_cat":[82,555],"product_tag":[],"class_list":{"0":"post-10019","1":"product","2":"type-product","3":"status-publish","4":"has-post-thumbnail","6":"product_cat-cartuchos","7":"product_cat-filtros-es","8":"pa_comprimento-140","9":"pa_comprimento-141","10":"pa_diametro-de-poros-144","11":"pa_diametro-de-poros-149","13":"first","14":"instock","15":"shipping-taxable","16":"purchasable","17":"product-type-variable"},"_links":{"self":[{"href":"https:\/\/wow.com.pt\/es\/wp-json\/wp\/v2\/product\/10019","targetHints":{"allow":["GET"]}}],"collection":[{"href":"https:\/\/wow.com.pt\/es\/wp-json\/wp\/v2\/product"}],"about":[{"href":"https:\/\/wow.com.pt\/es\/wp-json\/wp\/v2\/types\/product"}],"wp:featuredmedia":[{"embeddable":true,"href":"https:\/\/wow.com.pt\/es\/wp-json\/wp\/v2\/media\/4369"}],"wp:attachment":[{"href":"https:\/\/wow.com.pt\/es\/wp-json\/wp\/v2\/media?parent=10019"}],"wp:term":[{"taxonomy":"product_brand","embeddable":true,"href":"https:\/\/wow.com.pt\/es\/wp-json\/wp\/v2\/product_brand?post=10019"},{"taxonomy":"product_cat","embeddable":true,"href":"https:\/\/wow.com.pt\/es\/wp-json\/wp\/v2\/product_cat?post=10019"},{"taxonomy":"product_tag","embeddable":true,"href":"https:\/\/wow.com.pt\/es\/wp-json\/wp\/v2\/product_tag?post=10019"}],"curies":[{"name":"wp","href":"https:\/\/api.w.org\/{rel}","templated":true}]}}