
{"id":10185,"date":"2023-06-15T09:27:24","date_gmt":"2023-06-15T09:27:24","guid":{"rendered":"https:\/\/wow.com.pt\/produtos\/barriles-de-roble-americano-finesse-es\/"},"modified":"2023-06-15T09:35:09","modified_gmt":"2023-06-15T09:35:09","slug":"barriles-de-roble-americano-finesse-es","status":"publish","type":"product","link":"https:\/\/wow.com.pt\/es\/produtos\/barriles-de-roble-americano-finesse-es\/","title":{"rendered":"Barriles de Roble Americano Finesse"},"content":{"rendered":"<p>Madera procedente de USA, contiene menos aldeh\u00eddos arom\u00e1ticos (vainilla, coco) que el roble americano tradicional, respetando el vino y cediendo lentamente sus ex\u00f3ticos aromas. Su estructura permite una excelente etapa de evoluci\u00f3n, asegurando una buena extracci\u00f3n de polisac\u00e1ridos y taninos, dando al vino estructura, volumen y riqueza natural. Periodos \u00f3ptimos de crianza: 8 a 10 meses (barrica nueva)<\/p>\n\n<table id=\"tablepress-3\" class=\"tablepress tablepress-id-3\">\n<thead>\n<tr class=\"row-1\">\n\t<th class=\"column-1\">Capacidade<\/th><th class=\"column-2\">Altura<\/th><th class=\"column-3\">Di\u00e2metro do tampo<\/th><th class=\"column-4\">Espessura da aduela<\/th><th class=\"column-5\">Aros<\/th><th class=\"column-6\">Peso<\/th><th class=\"column-7\">Furo do batoque<\/th>\n<\/tr>\n<\/thead>\n<tbody class=\"row-striping row-hover\">\n<tr class=\"row-2\">\n\t<td class=\"column-1\">225L<\/td><td class=\"column-2\">95 cm<\/td><td class=\"column-3\">56 cm<\/td><td class=\"column-4\">22\/26 mm<\/td><td class=\"column-5\">6 aros cor verde oliva <\/td><td class=\"column-6\">50 kg<\/td><td class=\"column-7\">50 mm<\/td>\n<\/tr>\n<tr class=\"row-3\">\n\t<td class=\"column-1\">300L<\/td><td class=\"column-2\">99 cm<\/td><td class=\"column-3\">64 cm<\/td><td class=\"column-4\">26 mm<\/td><td class=\"column-5\">8 aros cor verde oliva<\/td><td class=\"column-6\">60 kg<\/td><td class=\"column-7\">50 mm<\/td>\n<\/tr>\n<tr class=\"row-4\">\n\t<td class=\"column-1\">400L<\/td><td class=\"column-2\">107,5 cm<\/td><td class=\"column-3\">73 cm<\/td><td class=\"column-4\">27 mm<\/td><td class=\"column-5\">8 aros cor verde oliva<\/td><td class=\"column-6\">70 kg<\/td><td class=\"column-7\">50 mm<\/td>\n<\/tr>\n<tr class=\"row-5\">\n\t<td class=\"column-1\">500L<\/td><td class=\"column-2\">108 cm<\/td><td class=\"column-3\">78 cm<\/td><td class=\"column-4\">27 mm<\/td><td class=\"column-5\">8 aros cor verde oliva<\/td><td class=\"column-6\">80 kg<\/td><td class=\"column-7\">50 mm<\/td>\n<\/tr>\n<\/tbody>\n<\/table>\n<!-- #tablepress-3 from cache -->\n","protected":false},"excerpt":{"rendered":"<p><strong>Especies:<\/strong> Quercus Alba<br \/>\n<strong>Origen:<\/strong> EE. UU.<br \/>\n<strong>Secado:<\/strong> Natural, m\u00e1s de 24 meses<br \/>\n<strong>Grano:<\/strong> Medio<br \/>\n<strong>Marcado de logotipo:<\/strong> L\u00e1ser<\/p>\n<p>&nbsp;<\/p>\n","protected":false},"featured_media":4007,"template":"","meta":[],"product_brand":[],"product_cat":[72],"product_tag":[],"class_list":{"0":"post-10185","1":"product","2":"type-product","3":"status-publish","4":"has-post-thumbnail","6":"product_cat-barricas","7":"pa_capacidade-225l","8":"pa_capacidade-300l","9":"pa_capacidade-400l","10":"pa_capacidade-500l","11":"pa_tostas-forte","12":"pa_tostas-ligeira","13":"pa_tostas-media","14":"pa_tostas-media-2","16":"first","17":"instock","18":"shipping-taxable","19":"purchasable","20":"product-type-variable"},"_links":{"self":[{"href":"https:\/\/wow.com.pt\/es\/wp-json\/wp\/v2\/product\/10185","targetHints":{"allow":["GET"]}}],"collection":[{"href":"https:\/\/wow.com.pt\/es\/wp-json\/wp\/v2\/product"}],"about":[{"href":"https:\/\/wow.com.pt\/es\/wp-json\/wp\/v2\/types\/product"}],"wp:featuredmedia":[{"embeddable":true,"href":"https:\/\/wow.com.pt\/es\/wp-json\/wp\/v2\/media\/4007"}],"wp:attachment":[{"href":"https:\/\/wow.com.pt\/es\/wp-json\/wp\/v2\/media?parent=10185"}],"wp:term":[{"taxonomy":"product_brand","embeddable":true,"href":"https:\/\/wow.com.pt\/es\/wp-json\/wp\/v2\/product_brand?post=10185"},{"taxonomy":"product_cat","embeddable":true,"href":"https:\/\/wow.com.pt\/es\/wp-json\/wp\/v2\/product_cat?post=10185"},{"taxonomy":"product_tag","embeddable":true,"href":"https:\/\/wow.com.pt\/es\/wp-json\/wp\/v2\/product_tag?post=10185"}],"curies":[{"name":"wp","href":"https:\/\/api.w.org\/{rel}","templated":true}]}}