
{"id":10210,"date":"2023-06-15T09:42:50","date_gmt":"2023-06-15T09:42:50","guid":{"rendered":"https:\/\/wow.com.pt\/produtos\/francis-miquel-barricas-de-roble-frances-es\/"},"modified":"2023-07-13T14:08:25","modified_gmt":"2023-07-13T14:08:25","slug":"francis-miquel-barricas-de-roble-frances-es","status":"publish","type":"product","link":"https:\/\/wow.com.pt\/es\/produtos\/francis-miquel-barricas-de-roble-frances-es\/","title":{"rendered":"Francis Miquel Barricas de Roble Franc\u00e9s"},"content":{"rendered":"<p>Madera de roble franc\u00e9s procedente de bosques seleccionados del centro de Francia. Las duelas se curan en un parque especial para este fin, elegido por su exposici\u00f3n al sol y las caracter\u00edsticas morfol\u00f3gicas del terreno, lo que permite una ventilaci\u00f3n ideal, dando as\u00ed a la madera una homogeneidad \u00fanica. El secado ocurre naturalmente entre 24 a 36 meses bajo supervisi\u00f3n hasta la humedad ideal.<\/p>\n<p>Las barricas se forman cuidadosamente a fuego directo y luego se someten a un largo y minucioso proceso de tostado manual (aprox. 2,5h) donde las barricas se vaporizan constantemente con agua purificada, asegurando as\u00ed una penetraci\u00f3n muy profunda del tostado.<\/p>\n<p><strong>Tostadas:<\/strong><br \/>\n<strong>Wet White [MB]<\/strong> \u2013 para blancos secos, respeta la fruta, aporta frescura y potencial de guarda. Para pr\u00e1cticas de 9 meses.<br \/>\n<strong>Molhado Tinto Ligeiro [MTL]<\/strong> \u2013 para tintos elegantes, respeta la fruta, da intensidad, complejidad y longitud en boca. Para pr\u00e1cticas de 9 meses.<br \/>\n<strong>Molhado Tinto [MT]<\/strong> \u2013 para tintos robustos, con taninos, transmite sucrosidad, gourmet.<\/p>\n\n<table id=\"tablepress-2\" class=\"tablepress tablepress-id-2\">\n<thead>\n<tr class=\"row-1\">\n\t<th class=\"column-1\">Capacidade<\/th><th class=\"column-2\">Altura<\/th><th class=\"column-3\">Di\u00e2metro do tampo<\/th><th class=\"column-4\">Espessura da aduela<\/th><th class=\"column-5\">Aros<\/th><th class=\"column-6\">Peso<\/th><th class=\"column-7\">Furo do batoque<\/th>\n<\/tr>\n<\/thead>\n<tbody class=\"row-striping row-hover\">\n<tr class=\"row-2\">\n\t<td class=\"column-1\">225L<\/td><td class=\"column-2\">95 cm<\/td><td class=\"column-3\">56,5 cm<\/td><td class=\"column-4\">27 mm<\/td><td class=\"column-5\">6 aros galvanizados<\/td><td class=\"column-6\">45 kg<\/td><td class=\"column-7\">50 mm<\/td>\n<\/tr>\n<tr class=\"row-3\">\n\t<td class=\"column-1\">228L<\/td><td class=\"column-2\"><\/td><td class=\"column-3\"><\/td><td class=\"column-4\"><\/td><td class=\"column-5\"><\/td><td class=\"column-6\"><\/td><td class=\"column-7\"><\/td>\n<\/tr>\n<tr class=\"row-4\">\n\t<td class=\"column-1\">300L<\/td><td class=\"column-2\">98 cm<\/td><td class=\"column-3\">65 cm<\/td><td class=\"column-4\">27 mm<\/td><td class=\"column-5\">8 aros galvanizados<\/td><td class=\"column-6\">60 kg<\/td><td class=\"column-7\">50 mm<\/td>\n<\/tr>\n<tr class=\"row-5\">\n\t<td class=\"column-1\">400L<\/td><td class=\"column-2\">105 cm<\/td><td class=\"column-3\">71 cm<\/td><td class=\"column-4\">27 mm<\/td><td class=\"column-5\">8 aros galvanizados<\/td><td class=\"column-6\">69 kg<\/td><td class=\"column-7\">50 mm<\/td>\n<\/tr>\n<tr class=\"row-6\">\n\t<td class=\"column-1\">500L<\/td><td class=\"column-2\">110 cm<\/td><td class=\"column-3\">78 cm<\/td><td class=\"column-4\">28 mm<\/td><td class=\"column-5\">8 aros galvanizados<\/td><td class=\"column-6\">80 kg<\/td><td class=\"column-7\">50 mm<\/td>\n<\/tr>\n<\/tbody>\n<\/table>\n<!-- #tablepress-2 from cache -->\n","protected":false},"excerpt":{"rendered":"<p><strong>Especies:<\/strong> Quercus Sessilis<br \/>\n<strong>Origen:<\/strong> Hungr\u00eda<br \/>\n<strong>Secado:<\/strong> Natural, entre 24 a 36 meses<br \/>\n<strong>Grano:<\/strong> Fino<br \/>\n<strong>Marcado de logotipo:<\/strong> L\u00e1ser<\/p>\n","protected":false},"featured_media":4013,"template":"","meta":[],"product_brand":[],"product_cat":[481],"product_tag":[],"class_list":{"0":"post-10210","1":"product","2":"type-product","3":"status-publish","4":"has-post-thumbnail","6":"product_cat-packs-para-espumantes","7":"pa_capacidade-225l","8":"pa_capacidade-300l","9":"pa_capacidade-400l","10":"pa_capacidade-500l","11":"pa_tostas-molhado-branco","12":"pa_tostas-molhado-tinto","13":"pa_tostas-molhado-tinto-ligeiro","15":"first","16":"instock","17":"shipping-taxable","18":"purchasable","19":"product-type-variable"},"_links":{"self":[{"href":"https:\/\/wow.com.pt\/es\/wp-json\/wp\/v2\/product\/10210","targetHints":{"allow":["GET"]}}],"collection":[{"href":"https:\/\/wow.com.pt\/es\/wp-json\/wp\/v2\/product"}],"about":[{"href":"https:\/\/wow.com.pt\/es\/wp-json\/wp\/v2\/types\/product"}],"wp:featuredmedia":[{"embeddable":true,"href":"https:\/\/wow.com.pt\/es\/wp-json\/wp\/v2\/media\/4013"}],"wp:attachment":[{"href":"https:\/\/wow.com.pt\/es\/wp-json\/wp\/v2\/media?parent=10210"}],"wp:term":[{"taxonomy":"product_brand","embeddable":true,"href":"https:\/\/wow.com.pt\/es\/wp-json\/wp\/v2\/product_brand?post=10210"},{"taxonomy":"product_cat","embeddable":true,"href":"https:\/\/wow.com.pt\/es\/wp-json\/wp\/v2\/product_cat?post=10210"},{"taxonomy":"product_tag","embeddable":true,"href":"https:\/\/wow.com.pt\/es\/wp-json\/wp\/v2\/product_tag?post=10210"}],"curies":[{"name":"wp","href":"https:\/\/api.w.org\/{rel}","templated":true}]}}