
{"id":10388,"date":"2023-06-20T09:25:44","date_gmt":"2023-06-20T09:25:44","guid":{"rendered":"https:\/\/wow.com.pt\/produtos\/mida-chriox-5-es\/"},"modified":"2023-06-20T09:33:54","modified_gmt":"2023-06-20T09:33:54","slug":"mida-chriox-5-es","status":"publish","type":"product","link":"https:\/\/wow.com.pt\/es\/produtos\/mida-chriox-5-es\/","title":{"rendered":"MIDA CHRIOX 5"},"content":{"rendered":"<p style=\"text-align: left;\"><strong>Caracter\u00edsticas:<\/strong><\/p>\n<p style=\"text-align: left;\">\u00c1cido parac\u00e9tico a 5%<\/p>\n<p style=\"text-align: left;\"><strong>Envases:<\/strong> 22Kg &#8211; 222 Kg &#8211; 1000Kg.<\/p>\n<p style=\"text-align: left;\"><strong>Ficha T\u00e9cnica:<\/strong><a href=\"https:\/\/wow.com.pt\/wp-content\/uploads\/2020\/09\/Mida-Chriox-5-Ed-3.18.pdf\"> Mida Chriox 5 Ed 3.18<\/a><\/p>\n","protected":false},"excerpt":{"rendered":"<p style=\"text-align: left;\">Es un desinfectante oxidante de base perac\u00e9tica de gran eficacia en la industria.<\/p>\n<p>Es eficaz contra todo tipo de microorganismos, incluidas bacterias, levaduras y mohos.<\/p>\n<p>Es un producto de baja formaci\u00f3n de espuma y f\u00e1cil aclarado, adecuado para sistemas CIP (limpieza in situ) y desinfecci\u00f3n peri\u00f3dica de dep\u00f3sitos y tuber\u00edas en la industria alimentaria.<\/p>\n","protected":false},"featured_media":4913,"template":"","meta":[],"product_brand":[],"product_cat":[81],"product_tag":[],"class_list":{"0":"post-10388","1":"product","2":"type-product","3":"status-publish","4":"has-post-thumbnail","6":"product_cat-detergentes","8":"first","9":"instock","10":"shipping-taxable","11":"purchasable","12":"product-type-variable"},"_links":{"self":[{"href":"https:\/\/wow.com.pt\/es\/wp-json\/wp\/v2\/product\/10388","targetHints":{"allow":["GET"]}}],"collection":[{"href":"https:\/\/wow.com.pt\/es\/wp-json\/wp\/v2\/product"}],"about":[{"href":"https:\/\/wow.com.pt\/es\/wp-json\/wp\/v2\/types\/product"}],"wp:featuredmedia":[{"embeddable":true,"href":"https:\/\/wow.com.pt\/es\/wp-json\/wp\/v2\/media\/4913"}],"wp:attachment":[{"href":"https:\/\/wow.com.pt\/es\/wp-json\/wp\/v2\/media?parent=10388"}],"wp:term":[{"taxonomy":"product_brand","embeddable":true,"href":"https:\/\/wow.com.pt\/es\/wp-json\/wp\/v2\/product_brand?post=10388"},{"taxonomy":"product_cat","embeddable":true,"href":"https:\/\/wow.com.pt\/es\/wp-json\/wp\/v2\/product_cat?post=10388"},{"taxonomy":"product_tag","embeddable":true,"href":"https:\/\/wow.com.pt\/es\/wp-json\/wp\/v2\/product_tag?post=10388"}],"curies":[{"name":"wp","href":"https:\/\/api.w.org\/{rel}","templated":true}]}}