
{"id":10398,"date":"2023-06-20T09:52:50","date_gmt":"2023-06-20T09:52:50","guid":{"rendered":"https:\/\/wow.com.pt\/produtos\/mida-flow-142-es\/"},"modified":"2023-06-20T09:55:10","modified_gmt":"2023-06-20T09:55:10","slug":"mida-flow-142-es","status":"publish","type":"product","link":"https:\/\/wow.com.pt\/es\/produtos\/mida-flow-142-es\/","title":{"rendered":"MIDA FLOW 142"},"content":{"rendered":"<p style=\"text-align: left;\"><strong>Caracter\u00edsticas:<\/strong><\/p>\n<p style=\"text-align: left;\">Detergente biocida alcalino clorado sin espuma.<\/p>\n<p style=\"text-align: left;\"><strong>Envases:<\/strong> 25 Kg &#8211; 250 Kg &#8211; 1.200 Kg.<\/p>\n<p style=\"text-align: left;\"><strong>Ficha T\u00e9cnica:<\/strong> <a href=\"https:\/\/wow.com.pt\/wp-content\/uploads\/2020\/10\/FT-Mida-Flow-142-CL.pdf\">FT-Mida-Flow-142-CL<\/a><\/p>\n","protected":false},"excerpt":{"rendered":"<p style=\"text-align: left;\">Es un detergente l\u00edquido alcalino clorado de baja espuma para circuitos CIP (Cleaning in Place) y sistemas OPC (Open Plant Cleaning), con poder desinfectante.<\/p>\n<p>Posee una combinaci\u00f3n de propiedades optimizando principalmente la acci\u00f3n de limpieza y desinfecci\u00f3n de superficies.<\/p>\n","protected":false},"featured_media":4967,"template":"","meta":[],"product_brand":[],"product_cat":[81],"product_tag":[],"class_list":{"0":"post-10398","1":"product","2":"type-product","3":"status-publish","4":"has-post-thumbnail","6":"product_cat-detergentes","8":"first","9":"instock","10":"shipping-taxable","11":"purchasable","12":"product-type-variable"},"_links":{"self":[{"href":"https:\/\/wow.com.pt\/es\/wp-json\/wp\/v2\/product\/10398","targetHints":{"allow":["GET"]}}],"collection":[{"href":"https:\/\/wow.com.pt\/es\/wp-json\/wp\/v2\/product"}],"about":[{"href":"https:\/\/wow.com.pt\/es\/wp-json\/wp\/v2\/types\/product"}],"wp:featuredmedia":[{"embeddable":true,"href":"https:\/\/wow.com.pt\/es\/wp-json\/wp\/v2\/media\/4967"}],"wp:attachment":[{"href":"https:\/\/wow.com.pt\/es\/wp-json\/wp\/v2\/media?parent=10398"}],"wp:term":[{"taxonomy":"product_brand","embeddable":true,"href":"https:\/\/wow.com.pt\/es\/wp-json\/wp\/v2\/product_brand?post=10398"},{"taxonomy":"product_cat","embeddable":true,"href":"https:\/\/wow.com.pt\/es\/wp-json\/wp\/v2\/product_cat?post=10398"},{"taxonomy":"product_tag","embeddable":true,"href":"https:\/\/wow.com.pt\/es\/wp-json\/wp\/v2\/product_tag?post=10398"}],"curies":[{"name":"wp","href":"https:\/\/api.w.org\/{rel}","templated":true}]}}