
{"id":10414,"date":"2023-06-20T10:57:26","date_gmt":"2023-06-20T10:57:26","guid":{"rendered":"https:\/\/wow.com.pt\/produtos\/mida-memcare-510-es\/"},"modified":"2023-06-20T10:59:56","modified_gmt":"2023-06-20T10:59:56","slug":"mida-memcare-510-es","status":"publish","type":"product","link":"https:\/\/wow.com.pt\/es\/produtos\/mida-memcare-510-es\/","title":{"rendered":"MIDA MEMCARE 510"},"content":{"rendered":"<p style=\"text-align: left;\"><strong>Caracter\u00edsticas:<\/strong><\/p>\n<p style=\"text-align: left;\">Detergente desincrustante para membranas de filtraci\u00f3n.<\/p>\n<p style=\"text-align: left;\"><strong>Envase:<\/strong> 25 Kg &#8211; 265 Kg &#8211; 1.300 Kg.<\/p>\n","protected":false},"excerpt":{"rendered":"<p>Detergente l\u00edquido \u00e1cido con propiedades desincrustantes, especialmente en la eliminaci\u00f3n de dep\u00f3sitos y suciedad en membranas de ultrafiltraci\u00f3n, nanofiltraci\u00f3n y \u00f3smosis inversa (UF, NF, OI).<\/p>\n","protected":false},"featured_media":9532,"template":"","meta":[],"product_brand":[],"product_cat":[81],"product_tag":[],"class_list":{"0":"post-10414","1":"product","2":"type-product","3":"status-publish","4":"has-post-thumbnail","6":"product_cat-detergentes","8":"first","9":"instock","10":"shipping-taxable","11":"purchasable","12":"product-type-variable"},"_links":{"self":[{"href":"https:\/\/wow.com.pt\/es\/wp-json\/wp\/v2\/product\/10414","targetHints":{"allow":["GET"]}}],"collection":[{"href":"https:\/\/wow.com.pt\/es\/wp-json\/wp\/v2\/product"}],"about":[{"href":"https:\/\/wow.com.pt\/es\/wp-json\/wp\/v2\/types\/product"}],"wp:featuredmedia":[{"embeddable":true,"href":"https:\/\/wow.com.pt\/es\/wp-json\/wp\/v2\/media\/9532"}],"wp:attachment":[{"href":"https:\/\/wow.com.pt\/es\/wp-json\/wp\/v2\/media?parent=10414"}],"wp:term":[{"taxonomy":"product_brand","embeddable":true,"href":"https:\/\/wow.com.pt\/es\/wp-json\/wp\/v2\/product_brand?post=10414"},{"taxonomy":"product_cat","embeddable":true,"href":"https:\/\/wow.com.pt\/es\/wp-json\/wp\/v2\/product_cat?post=10414"},{"taxonomy":"product_tag","embeddable":true,"href":"https:\/\/wow.com.pt\/es\/wp-json\/wp\/v2\/product_tag?post=10414"}],"curies":[{"name":"wp","href":"https:\/\/api.w.org\/{rel}","templated":true}]}}