
{"id":9868,"date":"2023-06-07T09:15:29","date_gmt":"2023-06-07T09:15:29","guid":{"rendered":"https:\/\/wow.com.pt\/produtos\/contenedores-metalicos\/"},"modified":"2023-08-01T16:29:46","modified_gmt":"2023-08-01T16:29:46","slug":"contenedores-metalicos","status":"publish","type":"product","link":"https:\/\/wow.com.pt\/es\/produtos\/contenedores-metalicos\/","title":{"rendered":"Contenedores Met\u00e1licos"},"content":{"rendered":"<p style=\"text-align: left;\"><strong>Fichas t\u00e9cnicas:<\/strong><\/p>\n<p style=\"text-align: left;\"><a href=\"https:\/\/wow.com.pt\/wp-content\/uploads\/2020\/05\/Ficha-T\u00e9cnica-Contentor-de-voltear-\u2013-Refer\u00eancia-4076-PT.pdf\">Contenedor de Volteo<\/a><\/p>\n<p style=\"text-align: left;\"><a href=\"https:\/\/wow.com.pt\/wp-content\/uploads\/2020\/05\/Ficha-T\u00e9cnica-Contentor-de-Espumante-Refer\u00eancia-4232-PT.pdf\">Contenedor para Botellas de Espumoso<\/a><\/p>\n<p style=\"text-align: left;\"><a href=\"https:\/\/wow.com.pt\/wp-content\/uploads\/2020\/05\/Ficha-T\u00e9cnica-Contentor-de-Garrafas-Bordalesa-4323-rebat\u00edvel-PT.pdf\">Contenedor de Botellas Bordalesa<\/a><\/p>\n<p style=\"text-align: left;\"><a href=\"https:\/\/wow.com.pt\/wp-content\/uploads\/2020\/05\/Ficha-T\u00e9cnica-Contentor-para-Removimento-de-garrafas-de-Espumante-\u00d8882-Refer\u00eancia-4501-PT.pdf\">Contenedor de Removimiento<\/a><\/p>\n<p>&nbsp;<\/p>\n\n<table id=\"tablepress-7\" class=\"tablepress tablepress-id-7\">\n<thead>\n<tr class=\"row-1\">\n\t<th class=\"column-1\">Tipo<\/th><th class=\"column-2\">Capacidade (Garrafas)<\/th><th class=\"column-3\">Empilh\u00e1vel<\/th><th class=\"column-4\">Medidas Exteriores (mm)<\/th>\n<\/tr>\n<\/thead>\n<tbody class=\"row-striping row-hover\">\n<tr class=\"row-2\">\n\t<td class=\"column-1\">Contentor de Voltear (3 Grelhas separadoras)<\/td><td class=\"column-2\">588 Bordalesa<br \/>\n507 Borgonha<\/td><td class=\"column-3\">4\/1<\/td><td class=\"column-4\">1.215 x 1.135 x 1.180<\/td>\n<\/tr>\n<tr class=\"row-3\">\n\t<td class=\"column-1\">Contentor de Voltear (Sem grelhas)<\/td><td class=\"column-2\">588 Bordalesa<br \/>\n507 Borgonha<\/td><td class=\"column-3\">4\/1<\/td><td class=\"column-4\">1.215 x 1.135 x 1.180<\/td>\n<\/tr>\n<tr class=\"row-4\">\n\t<td class=\"column-1\">Contentor Bordalesa (Rebat\u00edvel)<\/td><td class=\"column-2\">600 Bordalesa<\/td><td class=\"column-3\">5\/1<\/td><td class=\"column-4\">1.200 x 939 x 1.006 (283 fechado)<\/td>\n<\/tr>\n<tr class=\"row-5\">\n\t<td class=\"column-1\">Contentor Borgonha (Rebat\u00edvel)<\/td><td class=\"column-2\">600 Garrafas<\/td><td class=\"column-3\">3\/1<\/td><td class=\"column-4\">1.155 x 870 x 1.139<\/td>\n<\/tr>\n<tr class=\"row-6\">\n\t<td class=\"column-1\">Contentor Espumante(Rebat\u00edvel)<\/td><td class=\"column-2\">500 deitadas<br \/>\n339 em pontas<\/td><td class=\"column-3\">4\/1<\/td><td class=\"column-4\">1.242 x 796 x 1.047 (382 fechado)<\/td>\n<\/tr>\n<tr class=\"row-7\">\n\t<td class=\"column-1\">Contentor de Removimento<\/td><td class=\"column-2\">504 (\u00f8 88,2mm)<\/td><td class=\"column-3\">4\/1<\/td><td class=\"column-4\">1.072 x 1.277 x .1132<\/td>\n<\/tr>\n<\/tbody>\n<\/table>\n<!-- #tablepress-7 from cache -->\n","protected":false},"excerpt":{"rendered":"<p style=\"text-align: left;\">Contenedor para botellas bordalesa \/ borgo\u00f1a (de Voltear)<br \/>\nContenedor para botellas de Espumoso (plegable)<br \/>\nContenedor botellas Bordalesa (plegable)<br \/>\nContenedor para Removimiento<\/p>\n<p>&nbsp;<\/p>\n","protected":false},"featured_media":2858,"template":"","meta":[],"product_brand":[],"product_cat":[493,492],"product_tag":[],"class_list":{"0":"post-9868","1":"product","2":"type-product","3":"status-publish","4":"has-post-thumbnail","6":"product_cat-contenedores-metalicos","7":"product_cat-equipamientos","9":"first","10":"instock","11":"shipping-taxable","12":"purchasable","13":"product-type-variable"},"_links":{"self":[{"href":"https:\/\/wow.com.pt\/es\/wp-json\/wp\/v2\/product\/9868","targetHints":{"allow":["GET"]}}],"collection":[{"href":"https:\/\/wow.com.pt\/es\/wp-json\/wp\/v2\/product"}],"about":[{"href":"https:\/\/wow.com.pt\/es\/wp-json\/wp\/v2\/types\/product"}],"wp:featuredmedia":[{"embeddable":true,"href":"https:\/\/wow.com.pt\/es\/wp-json\/wp\/v2\/media\/2858"}],"wp:attachment":[{"href":"https:\/\/wow.com.pt\/es\/wp-json\/wp\/v2\/media?parent=9868"}],"wp:term":[{"taxonomy":"product_brand","embeddable":true,"href":"https:\/\/wow.com.pt\/es\/wp-json\/wp\/v2\/product_brand?post=9868"},{"taxonomy":"product_cat","embeddable":true,"href":"https:\/\/wow.com.pt\/es\/wp-json\/wp\/v2\/product_cat?post=9868"},{"taxonomy":"product_tag","embeddable":true,"href":"https:\/\/wow.com.pt\/es\/wp-json\/wp\/v2\/product_tag?post=9868"}],"curies":[{"name":"wp","href":"https:\/\/api.w.org\/{rel}","templated":true}]}}